{"id":806,"date":"2026-02-18T17:36:20","date_gmt":"2026-02-18T17:36:20","guid":{"rendered":"https:\/\/www.golfsanlorenzo.pt\/politicas-de-cancelamento-confirmacao-en\/"},"modified":"2026-04-15T14:30:22","modified_gmt":"2026-04-15T14:30:22","slug":"politicas-de-cancelamento","status":"publish","type":"page","link":"https:\/\/www.golfsanlorenzo.pt\/pt-pt\/politicas-de-cancelamento\/","title":{"rendered":"Pol\u00edticas de Cancelamento &#8211; Confirma\u00e7\u00e3o"},"content":{"rendered":"\t\t<div data-elementor-type=\"wp-page\" data-elementor-id=\"806\" class=\"elementor elementor-806 elementor-787\" data-elementor-post-type=\"page\">\n\t\t\t\t<div class=\"elementor-element elementor-element-772eb2d e-con-full e-flex e-con e-parent\" data-id=\"772eb2d\" data-element_type=\"container\">\n\t\t<div class=\"elementor-element elementor-element-fb944b4 e-con-full e-flex elementor-invisible e-con e-child\" data-id=\"fb944b4\" data-element_type=\"container\" data-settings=\"{&quot;background_background&quot;:&quot;classic&quot;,&quot;animation&quot;:&quot;fadeIn&quot;}\">\n\t\t\t\t<div class=\"elementor-element elementor-element-a0ef55b elementor-invisible elementor-widget elementor-widget-heading\" data-id=\"a0ef55b\" data-element_type=\"widget\" data-settings=\"{&quot;_animation&quot;:&quot;fadeIn&quot;}\" data-widget_type=\"heading.default\">\n\t\t\t\t\t<h2 class=\"elementor-heading-title elementor-size-default\">Pol\u00edticas de cancelamento<\/h2>\t\t\t\t<\/div>\n\t\t\t\t<div class=\"elementor-element elementor-element-12d18b2 elementor-icon-list--layout-inline elementor-align-left elementor-list-item-link-full_width elementor-invisible elementor-widget elementor-widget-icon-list\" data-id=\"12d18b2\" data-element_type=\"widget\" data-settings=\"{&quot;_animation&quot;:&quot;fadeIn&quot;,&quot;_animation_delay&quot;:200}\" data-widget_type=\"icon-list.default\">\n\t\t\t\t\t\t\t<ul class=\"elementor-icon-list-items elementor-inline-items\">\n\t\t\t\t\t\t\t<li class=\"elementor-icon-list-item elementor-inline-item\">\n\t\t\t\t\t\t\t\t\t\t\t<a href=\"#\">\n\n\t\t\t\t\t\t\t\t\t\t\t<span class=\"elementor-icon-list-text\">In\u00edcio<\/span>\n\t\t\t\t\t\t\t\t\t\t\t<\/a>\n\t\t\t\t\t\t\t\t\t<\/li>\n\t\t\t\t\t\t\t\t<li class=\"elementor-icon-list-item elementor-inline-item\">\n\t\t\t\t\t\t\t\t\t\t\t<span class=\"elementor-icon-list-icon\">\n\t\t\t\t\t\t\t<i aria-hidden=\"true\" class=\"icon icon-right-arrow\"><\/i>\t\t\t\t\t\t<\/span>\n\t\t\t\t\t\t\t\t\t\t<span class=\"elementor-icon-list-text\">Pol\u00edticas de cancelamento<\/span>\n\t\t\t\t\t\t\t\t\t<\/li>\n\t\t\t\t\t\t<\/ul>\n\t\t\t\t\t\t<\/div>\n\t\t\t\t<\/div>\n\t\t\t\t<\/div>\n\t\t<div class=\"elementor-element elementor-element-58f6f1d e-flex e-con-boxed e-con e-parent\" data-id=\"58f6f1d\" data-element_type=\"container\">\n\t\t\t\t\t<div class=\"e-con-inner\">\n\t\t\t\t<div class=\"elementor-element elementor-element-a82398e elementor-invisible elementor-widget elementor-widget-text-editor\" data-id=\"a82398e\" data-element_type=\"widget\" data-settings=\"{&quot;_animation&quot;:&quot;fadeIn&quot;}\" data-widget_type=\"text-editor.default\">\n\t\t\t\t\t\t\t\t\t<p>Pol\u00edticas de cancelamento e pagamento<\/p>\t\t\t\t\t\t\t\t<\/div>\n\t\t\t\t<div class=\"elementor-element elementor-element-c218955 elementor-widget__width-initial elementor-invisible elementor-widget elementor-widget-text-editor\" data-id=\"c218955\" data-element_type=\"widget\" data-settings=\"{&quot;_animation&quot;:&quot;fadeIn&quot;,&quot;_animation_delay&quot;:400}\" data-widget_type=\"text-editor.default\">\n\t\t\t\t\t\t\t\t\t<p><u>Para reservas confirmadas at\u00e9 ao dia 31 de Dezembro<\/u><\/p><p> <\/p><p><strong>Cancelamentos, altera\u00e7\u00f5es &amp; No-Shows<\/strong><\/p><p> <\/p><ul><li>Until 15 days: January, February, July, August, November and December<\/li><li>At\u00e9 30 dias: mar\u00e7o, abril, maio, junho, setembro e outubro.<\/li><\/ul><p> <\/p><p>No-shows, cancelamentos e\/ou pedidos de altera\u00e7\u00e3o efetuados ap\u00f3s o prazo de cancelamento aplic\u00e1vel ser\u00e3o cobrados na totalidade. N\u00e3o ser\u00e3o efetuados reembolsos em caso de atrasos ou cancelamentos de voos, les\u00f5es pessoais ou quaisquer outras circunst\u00e2ncias fora do nosso controlo.  Recomenda-se seguro de viagem. Em caso de no\u2011show, a unidade n\u00e3o \u00e9 obrigada a alojar o cliente, salvo se tiver sido acordada previamente uma hora de chegada posterior.<\/p><p> <\/p><p>Cancellation requests must always be sent to the following e-mail address: <a href=\"mailto:bookings@golfsanlorenzo.pt\">bookings@golfsanlorenzo.pt<\/a>, and will only be considered accepted once they have been confirmed by San Lorenzo.<\/p><p> <\/p><p><strong>Pagamentos<\/strong><\/p><p> <\/p><p>O pagamento de todas as reservas \u00e9 obrigat\u00f3rio dentro do prazo acima estipulado.<\/p><p> <\/p><p><u>For confirmed reservations from the 1st of January 2027 onwards:<\/u><\/p><p> <\/p><p><strong>Cancelamentos, altera\u00e7\u00f5es &amp; No-Shows<\/strong><\/p><p> <\/p><ul><li>At\u00e9 15 dias: janeiro, fevereiro, julho, agosto, novembro e dezembro<\/li><li>At\u00e9 45 dias: mar\u00e7o, abril, maio, junho, setembro e outubro.<\/li><\/ul><p> <\/p><p>No-shows, cancelamentos e\/ou pedidos de altera\u00e7\u00e3o efetuados ap\u00f3s o prazo de cancelamento aplic\u00e1vel ser\u00e3o cobrados na totalidade. N\u00e3o ser\u00e3o efetuados reembolsos em caso de atrasos ou cancelamentos de voos, les\u00f5es pessoais ou quaisquer outras circunst\u00e2ncias fora do nosso controlo.  Recomenda-se seguro de viagem. Em caso de no\u2011show, a unidade n\u00e3o \u00e9 obrigada a alojar o cliente, salvo se tiver sido acordada previamente uma hora de chegada posterior.<\/p><p> <\/p><p>Os pedidos de cancelamento devem ser sempre enviados para o seguinte endere\u00e7o de e\u2011mail: <a href=\"mailto:bookings@golfsanlorenzo.pt\">bookings@golfsanlorenzo.pt<\/a>, e s\u00f3 ser\u00e3o considerados aceites ap\u00f3s confirma\u00e7\u00e3o por parte do San Lorenzo.<\/p>\t\t\t\t\t\t\t\t<\/div>\n\t\t\t\t\t<\/div>\n\t\t\t\t<\/div>\n\t\t\t\t<\/div>\n\t\t","protected":false},"excerpt":{"rendered":"<p>Pol\u00edticas de cancelamento In\u00edcio Pol\u00edticas de cancelamento Pol\u00edticas de cancelamento e pagamento Para reservas confirmadas at\u00e9 ao dia 31 de Dezembro Cancelamentos, altera\u00e7\u00f5es &amp; No-Shows Until 15 days: January, February, July, August, November and December At\u00e9 30 dias: mar\u00e7o, abril, maio, junho, setembro e outubro. No-shows, cancelamentos e\/ou pedidos de altera\u00e7\u00e3o efetuados ap\u00f3s o prazo [&hellip;]<\/p>\n","protected":false},"author":3,"featured_media":0,"parent":0,"menu_order":0,"comment_status":"closed","ping_status":"closed","template":"elementor_header_footer","meta":{"footnotes":""},"class_list":["post-806","page","type-page","status-publish","hentry"],"yoast_head":"<!-- This site is optimized with the Yoast SEO plugin v25.8 - https:\/\/yoast.com\/wordpress\/plugins\/seo\/ -->\n<title>Pol\u00edticas de Cancelamento - Confirma\u00e7\u00e3o - Golf San Lorenzo<\/title>\n<meta name=\"robots\" content=\"index, follow, max-snippet:-1, max-image-preview:large, max-video-preview:-1\" \/>\n<link rel=\"canonical\" href=\"https:\/\/www.golfsanlorenzo.pt\/pt-pt\/politicas-de-cancelamento\/\" \/>\n<meta property=\"og:locale\" content=\"pt_PT\" \/>\n<meta property=\"og:type\" content=\"article\" \/>\n<meta property=\"og:title\" content=\"Pol\u00edticas de Cancelamento - Confirma\u00e7\u00e3o - Golf San Lorenzo\" \/>\n<meta property=\"og:description\" content=\"Pol\u00edticas de cancelamento In\u00edcio Pol\u00edticas de cancelamento Pol\u00edticas de cancelamento e pagamento Para reservas confirmadas at\u00e9 ao dia 31 de Dezembro Cancelamentos, altera\u00e7\u00f5es &amp; No-Shows Until 15 days: January, February, July, August, November and December At\u00e9 30 dias: mar\u00e7o, abril, maio, junho, setembro e outubro. No-shows, cancelamentos e\/ou pedidos de altera\u00e7\u00e3o efetuados ap\u00f3s o prazo [&hellip;]\" \/>\n<meta property=\"og:url\" content=\"https:\/\/www.golfsanlorenzo.pt\/pt-pt\/politicas-de-cancelamento\/\" \/>\n<meta property=\"og:site_name\" content=\"Golf San Lorenzo\" \/>\n<meta property=\"article:modified_time\" content=\"2026-04-15T14:30:22+00:00\" \/>\n<meta name=\"twitter:card\" content=\"summary_large_image\" \/>\n<meta name=\"twitter:label1\" content=\"Tempo estimado de leitura\" \/>\n\t<meta name=\"twitter:data1\" content=\"2 minutos\" \/>\n<script type=\"application\/ld+json\" class=\"yoast-schema-graph\">{\"@context\":\"https:\/\/schema.org\",\"@graph\":[{\"@type\":\"WebPage\",\"@id\":\"https:\/\/www.golfsanlorenzo.pt\/pt-pt\/politicas-de-cancelamento\/\",\"url\":\"https:\/\/www.golfsanlorenzo.pt\/pt-pt\/politicas-de-cancelamento\/\",\"name\":\"Pol\u00edticas de Cancelamento - Confirma\u00e7\u00e3o - Golf San Lorenzo\",\"isPartOf\":{\"@id\":\"https:\/\/www.golfsanlorenzo.pt\/#website\"},\"datePublished\":\"2026-02-18T17:36:20+00:00\",\"dateModified\":\"2026-04-15T14:30:22+00:00\",\"breadcrumb\":{\"@id\":\"https:\/\/www.golfsanlorenzo.pt\/pt-pt\/politicas-de-cancelamento\/#breadcrumb\"},\"inLanguage\":\"pt-PT\",\"potentialAction\":[{\"@type\":\"ReadAction\",\"target\":[\"https:\/\/www.golfsanlorenzo.pt\/pt-pt\/politicas-de-cancelamento\/\"]}]},{\"@type\":\"BreadcrumbList\",\"@id\":\"https:\/\/www.golfsanlorenzo.pt\/pt-pt\/politicas-de-cancelamento\/#breadcrumb\",\"itemListElement\":[{\"@type\":\"ListItem\",\"position\":1,\"name\":\"Home\",\"item\":\"https:\/\/www.golfsanlorenzo.pt\/\"},{\"@type\":\"ListItem\",\"position\":2,\"name\":\"Pol\u00edticas de Cancelamento &#8211; Confirma\u00e7\u00e3o\"}]},{\"@type\":\"WebSite\",\"@id\":\"https:\/\/www.golfsanlorenzo.pt\/#website\",\"url\":\"https:\/\/www.golfsanlorenzo.pt\/\",\"name\":\"Golf San Lorenzo\",\"description\":\"\",\"potentialAction\":[{\"@type\":\"SearchAction\",\"target\":{\"@type\":\"EntryPoint\",\"urlTemplate\":\"https:\/\/www.golfsanlorenzo.pt\/?s={search_term_string}\"},\"query-input\":{\"@type\":\"PropertyValueSpecification\",\"valueRequired\":true,\"valueName\":\"search_term_string\"}}],\"inLanguage\":\"pt-PT\"}]}<\/script>\n<!-- \/ Yoast SEO plugin. -->","yoast_head_json":{"title":"Pol\u00edticas de Cancelamento - Confirma\u00e7\u00e3o - Golf San Lorenzo","robots":{"index":"index","follow":"follow","max-snippet":"max-snippet:-1","max-image-preview":"max-image-preview:large","max-video-preview":"max-video-preview:-1"},"canonical":"https:\/\/www.golfsanlorenzo.pt\/pt-pt\/politicas-de-cancelamento\/","og_locale":"pt_PT","og_type":"article","og_title":"Pol\u00edticas de Cancelamento - Confirma\u00e7\u00e3o - Golf San Lorenzo","og_description":"Pol\u00edticas de cancelamento In\u00edcio Pol\u00edticas de cancelamento Pol\u00edticas de cancelamento e pagamento Para reservas confirmadas at\u00e9 ao dia 31 de Dezembro Cancelamentos, altera\u00e7\u00f5es &amp; No-Shows Until 15 days: January, February, July, August, November and December At\u00e9 30 dias: mar\u00e7o, abril, maio, junho, setembro e outubro. No-shows, cancelamentos e\/ou pedidos de altera\u00e7\u00e3o efetuados ap\u00f3s o prazo [&hellip;]","og_url":"https:\/\/www.golfsanlorenzo.pt\/pt-pt\/politicas-de-cancelamento\/","og_site_name":"Golf San Lorenzo","article_modified_time":"2026-04-15T14:30:22+00:00","twitter_card":"summary_large_image","twitter_misc":{"Tempo estimado de leitura":"2 minutos"},"schema":{"@context":"https:\/\/schema.org","@graph":[{"@type":"WebPage","@id":"https:\/\/www.golfsanlorenzo.pt\/pt-pt\/politicas-de-cancelamento\/","url":"https:\/\/www.golfsanlorenzo.pt\/pt-pt\/politicas-de-cancelamento\/","name":"Pol\u00edticas de Cancelamento - Confirma\u00e7\u00e3o - Golf San Lorenzo","isPartOf":{"@id":"https:\/\/www.golfsanlorenzo.pt\/#website"},"datePublished":"2026-02-18T17:36:20+00:00","dateModified":"2026-04-15T14:30:22+00:00","breadcrumb":{"@id":"https:\/\/www.golfsanlorenzo.pt\/pt-pt\/politicas-de-cancelamento\/#breadcrumb"},"inLanguage":"pt-PT","potentialAction":[{"@type":"ReadAction","target":["https:\/\/www.golfsanlorenzo.pt\/pt-pt\/politicas-de-cancelamento\/"]}]},{"@type":"BreadcrumbList","@id":"https:\/\/www.golfsanlorenzo.pt\/pt-pt\/politicas-de-cancelamento\/#breadcrumb","itemListElement":[{"@type":"ListItem","position":1,"name":"Home","item":"https:\/\/www.golfsanlorenzo.pt\/"},{"@type":"ListItem","position":2,"name":"Pol\u00edticas de Cancelamento &#8211; Confirma\u00e7\u00e3o"}]},{"@type":"WebSite","@id":"https:\/\/www.golfsanlorenzo.pt\/#website","url":"https:\/\/www.golfsanlorenzo.pt\/","name":"Golf San Lorenzo","description":"","potentialAction":[{"@type":"SearchAction","target":{"@type":"EntryPoint","urlTemplate":"https:\/\/www.golfsanlorenzo.pt\/?s={search_term_string}"},"query-input":{"@type":"PropertyValueSpecification","valueRequired":true,"valueName":"search_term_string"}}],"inLanguage":"pt-PT"}]}},"_links":{"self":[{"href":"https:\/\/www.golfsanlorenzo.pt\/pt-pt\/wp-json\/wp\/v2\/pages\/806","targetHints":{"allow":["GET"]}}],"collection":[{"href":"https:\/\/www.golfsanlorenzo.pt\/pt-pt\/wp-json\/wp\/v2\/pages"}],"about":[{"href":"https:\/\/www.golfsanlorenzo.pt\/pt-pt\/wp-json\/wp\/v2\/types\/page"}],"author":[{"embeddable":true,"href":"https:\/\/www.golfsanlorenzo.pt\/pt-pt\/wp-json\/wp\/v2\/users\/3"}],"replies":[{"embeddable":true,"href":"https:\/\/www.golfsanlorenzo.pt\/pt-pt\/wp-json\/wp\/v2\/comments?post=806"}],"version-history":[{"count":5,"href":"https:\/\/www.golfsanlorenzo.pt\/pt-pt\/wp-json\/wp\/v2\/pages\/806\/revisions"}],"predecessor-version":[{"id":825,"href":"https:\/\/www.golfsanlorenzo.pt\/pt-pt\/wp-json\/wp\/v2\/pages\/806\/revisions\/825"}],"wp:attachment":[{"href":"https:\/\/www.golfsanlorenzo.pt\/pt-pt\/wp-json\/wp\/v2\/media?parent=806"}],"curies":[{"name":"wp","href":"https:\/\/api.w.org\/{rel}","templated":true}]}}