{"id":755,"date":"2025-08-29T15:02:46","date_gmt":"2025-08-29T15:02:46","guid":{"rendered":"https:\/\/www.golfsanlorenzo.pt\/destino\/"},"modified":"2025-12-02T13:04:56","modified_gmt":"2025-12-02T13:04:56","slug":"destino","status":"publish","type":"page","link":"https:\/\/www.golfsanlorenzo.pt\/pt-pt\/destino\/","title":{"rendered":"Destino"},"content":{"rendered":"\t\t<div data-elementor-type=\"wp-page\" data-elementor-id=\"755\" class=\"elementor elementor-755 elementor-94\" data-elementor-post-type=\"page\">\n\t\t\t\t<div class=\"elementor-element elementor-element-7ebdd9d0 e-con-full e-flex e-con e-parent\" data-id=\"7ebdd9d0\" data-element_type=\"container\">\n\t\t<div class=\"elementor-element elementor-element-ae81d8e e-con-full e-flex elementor-invisible e-con e-child\" data-id=\"ae81d8e\" data-element_type=\"container\" data-settings=\"{&quot;background_background&quot;:&quot;classic&quot;,&quot;animation&quot;:&quot;fadeIn&quot;}\">\n\t\t\t\t<div class=\"elementor-element elementor-element-49b2324d elementor-invisible elementor-widget elementor-widget-heading\" data-id=\"49b2324d\" data-element_type=\"widget\" data-settings=\"{&quot;_animation&quot;:&quot;fadeIn&quot;}\" data-widget_type=\"heading.default\">\n\t\t\t\t\t<h2 class=\"elementor-heading-title elementor-size-default\">Destino<\/h2>\t\t\t\t<\/div>\n\t\t\t\t<div class=\"elementor-element elementor-element-1fc246f6 elementor-icon-list--layout-inline elementor-align-left elementor-list-item-link-full_width elementor-invisible elementor-widget elementor-widget-icon-list\" data-id=\"1fc246f6\" data-element_type=\"widget\" data-settings=\"{&quot;_animation&quot;:&quot;fadeIn&quot;,&quot;_animation_delay&quot;:200}\" data-widget_type=\"icon-list.default\">\n\t\t\t\t\t\t\t<ul class=\"elementor-icon-list-items elementor-inline-items\">\n\t\t\t\t\t\t\t<li class=\"elementor-icon-list-item elementor-inline-item\">\n\t\t\t\t\t\t\t\t\t\t\t<a href=\"#\">\n\n\t\t\t\t\t\t\t\t\t\t\t<span class=\"elementor-icon-list-text\">In\u00edcio<\/span>\n\t\t\t\t\t\t\t\t\t\t\t<\/a>\n\t\t\t\t\t\t\t\t\t<\/li>\n\t\t\t\t\t\t\t\t<li class=\"elementor-icon-list-item elementor-inline-item\">\n\t\t\t\t\t\t\t\t\t\t\t<span class=\"elementor-icon-list-icon\">\n\t\t\t\t\t\t\t<i aria-hidden=\"true\" class=\"icon icon-right-arrow\"><\/i>\t\t\t\t\t\t<\/span>\n\t\t\t\t\t\t\t\t\t\t<span class=\"elementor-icon-list-text\">Destino<\/span>\n\t\t\t\t\t\t\t\t\t<\/li>\n\t\t\t\t\t\t<\/ul>\n\t\t\t\t\t\t<\/div>\n\t\t\t\t<\/div>\n\t\t\t\t<\/div>\n\t\t<div class=\"elementor-element elementor-element-8f4e3dd e-flex e-con-boxed e-con e-parent\" data-id=\"8f4e3dd\" data-element_type=\"container\">\n\t\t\t\t\t<div class=\"e-con-inner\">\n\t\t\t\t<div class=\"elementor-element elementor-element-ca10064 elementor-invisible elementor-widget elementor-widget-text-editor\" data-id=\"ca10064\" data-element_type=\"widget\" data-settings=\"{&quot;_animation&quot;:&quot;fadeIn&quot;}\" data-widget_type=\"text-editor.default\">\n\t\t\t\t\t\t\t\t\t<p>O estilo de vida<\/p>\t\t\t\t\t\t\t\t<\/div>\n\t\t\t\t<div class=\"elementor-element elementor-element-7c79d67 elementor-widget__width-initial elementor-invisible elementor-widget elementor-widget-heading\" data-id=\"7c79d67\" data-element_type=\"widget\" data-settings=\"{&quot;_animation&quot;:&quot;fadeIn&quot;,&quot;_animation_delay&quot;:200}\" data-widget_type=\"heading.default\">\n\t\t\t\t\t<h2 class=\"elementor-heading-title elementor-size-default\">Descubra a Ria Formosa e o Algarve<\/h2>\t\t\t\t<\/div>\n\t\t\t\t<div class=\"elementor-element elementor-element-40c0f3e elementor-widget__width-initial elementor-widget-mobile__width-initial elementor-widget elementor-widget-text-editor\" data-id=\"40c0f3e\" data-element_type=\"widget\" data-widget_type=\"text-editor.default\">\n\t\t\t\t\t\t\t\t\t<p>Situado no Parque Natural da Ria Formosa e a poucos minutos das praias douradas do Algarve, o San Lorenzo Golf Course est\u00e1 imerso numa das paisagens naturais mais deslumbrantes da Europa. Esta regi\u00e3o \u00fanica oferece uma combina\u00e7\u00e3o incompar\u00e1vel de beleza intocada, lazer de classe mundial e sol durante todo o ano, um verdadeiro santu\u00e1rio na costa sul de Portugal.<\/p>\t\t\t\t\t\t\t\t<\/div>\n\t\t\t\t\t<\/div>\n\t\t\t\t<\/div>\n\t\t<div class=\"elementor-element elementor-element-96301ea e-con-full e-flex e-con e-parent\" data-id=\"96301ea\" data-element_type=\"container\">\n\t\t<div class=\"elementor-element elementor-element-fdcc79b e-flex e-con-boxed elementor-invisible e-con e-child\" data-id=\"fdcc79b\" data-element_type=\"container\" data-settings=\"{&quot;background_background&quot;:&quot;classic&quot;,&quot;animation&quot;:&quot;fadeIn&quot;}\">\n\t\t\t\t\t<div class=\"e-con-inner\">\n\t\t\t\t<div class=\"elementor-element elementor-element-00b4892 elementor-invisible elementor-widget elementor-widget-text-editor\" data-id=\"00b4892\" data-element_type=\"widget\" data-settings=\"{&quot;_animation&quot;:&quot;fadeIn&quot;}\" data-widget_type=\"text-editor.default\">\n\t\t\t\t\t\t\t\t\t<p>O estilo de vida<\/p>\t\t\t\t\t\t\t\t<\/div>\n\t\t\t\t<div class=\"elementor-element elementor-element-9042760 elementor-widget__width-initial elementor-invisible elementor-widget elementor-widget-heading\" data-id=\"9042760\" data-element_type=\"widget\" data-settings=\"{&quot;_animation&quot;:&quot;fadeInUp&quot;,&quot;_animation_delay&quot;:200}\" data-widget_type=\"heading.default\">\n\t\t\t\t\t<h2 class=\"elementor-heading-title elementor-size-default\">O luxo encontra a natureza<\/h2>\t\t\t\t<\/div>\n\t\t\t\t<div class=\"elementor-element elementor-element-d8302e4 elementor-widget__width-initial elementor-widget elementor-widget-text-editor\" data-id=\"d8302e4\" data-element_type=\"widget\" data-widget_type=\"text-editor.default\">\n\t\t\t\t\t\t\t\t\t<p>Desde golfe de renome mundial a refei\u00e7\u00f5es requintadas e experi\u00eancias de estilo de vida personalizadas, a regi\u00e3o de Ria Formosa e do Algarve personifica a sofistica\u00e7\u00e3o sem esfor\u00e7o. Quer esteja \u00e0 procura de um ref\u00fagio tranquilo ou de uma explora\u00e7\u00e3o ativa, todos os elementos deste destino foram concebidos para oferecer luxo em harmonia com a natureza.<\/p>\t\t\t\t\t\t\t\t<\/div>\n\t\t\t\t\t<\/div>\n\t\t\t\t<\/div>\n\t\t\t\t<\/div>\n\t\t<div class=\"elementor-element elementor-element-50bfc4d e-flex e-con-boxed e-con e-parent\" data-id=\"50bfc4d\" data-element_type=\"container\">\n\t\t\t\t\t<div class=\"e-con-inner\">\n\t\t<div class=\"elementor-element elementor-element-5f9edf0 e-con-full e-flex e-con e-child\" data-id=\"5f9edf0\" data-element_type=\"container\">\n\t\t\t\t<div class=\"elementor-element elementor-element-3be5fd7 elementor-invisible elementor-widget elementor-widget-text-editor\" data-id=\"3be5fd7\" data-element_type=\"widget\" data-settings=\"{&quot;_animation&quot;:&quot;fadeIn&quot;}\" data-widget_type=\"text-editor.default\">\n\t\t\t\t\t\t\t\t\t<p>Os arredores<\/p>\t\t\t\t\t\t\t\t<\/div>\n\t\t\t\t<div class=\"elementor-element elementor-element-9d508a1 elementor-widget__width-initial elementor-widget-mobile__width-inherit elementor-invisible elementor-widget elementor-widget-heading\" data-id=\"9d508a1\" data-element_type=\"widget\" data-settings=\"{&quot;_animation&quot;:&quot;fadeIn&quot;,&quot;_animation_delay&quot;:200}\" data-widget_type=\"heading.default\">\n\t\t\t\t\t<h2 class=\"elementor-heading-title elementor-size-default\">Um Santu\u00e1rio Natural<\/h2>\t\t\t\t<\/div>\n\t\t\t\t<\/div>\n\t\t<div class=\"elementor-element elementor-element-7305ba4 e-con-full e-flex e-con e-child\" data-id=\"7305ba4\" data-element_type=\"container\">\n\t\t<div class=\"elementor-element elementor-element-0c0dafc e-con-full e-flex elementor-invisible e-con e-child\" data-id=\"0c0dafc\" data-element_type=\"container\" data-settings=\"{&quot;background_background&quot;:&quot;classic&quot;,&quot;animation&quot;:&quot;fadeIn&quot;}\">\n\t\t\t\t<\/div>\n\t\t<div class=\"elementor-element elementor-element-9cbea3c e-con-full e-flex e-con e-child\" data-id=\"9cbea3c\" data-element_type=\"container\">\n\t\t\t\t<div class=\"elementor-element elementor-element-8f89ee3 elementor-invisible elementor-widget elementor-widget-text-editor\" data-id=\"8f89ee3\" data-element_type=\"widget\" data-settings=\"{&quot;_animation&quot;:&quot;fadeIn&quot;,&quot;_animation_delay&quot;:400}\" data-widget_type=\"text-editor.default\">\n\t\t\t\t\t\t\t\t\t<p>Na fronteira com o Parque Natural da Ria Formosa, San Lorenzo est\u00e1 rodeado por paisagens deslumbrantes, pinhais, trilhos costeiros, praias douradas e mais de 70 esp\u00e9cies de aves. \u00c9 um lugar onde a vida ao ar livre prospera e cada detalhe convida voc\u00ea a se conectar com o mundo natural em uma atmosfera de tranquilidade e eleg\u00e2ncia.<\/p>\t\t\t\t\t\t\t\t<\/div>\n\t\t\t\t<\/div>\n\t\t\t\t<\/div>\n\t\t\t\t\t<\/div>\n\t\t\t\t<\/div>\n\t\t<div class=\"elementor-element elementor-element-927420c e-con-full e-flex e-con e-parent\" data-id=\"927420c\" data-element_type=\"container\">\n\t\t<div class=\"elementor-element elementor-element-be1eb7d e-flex e-con-boxed elementor-invisible e-con e-child\" data-id=\"be1eb7d\" data-element_type=\"container\" data-settings=\"{&quot;background_background&quot;:&quot;classic&quot;,&quot;animation&quot;:&quot;fadeIn&quot;}\">\n\t\t\t\t\t<div class=\"e-con-inner\">\n\t\t\t\t<div class=\"elementor-element elementor-element-dfc31c2 elementor-invisible elementor-widget elementor-widget-text-editor\" data-id=\"dfc31c2\" data-element_type=\"widget\" data-settings=\"{&quot;_animation&quot;:&quot;fadeIn&quot;}\" data-widget_type=\"text-editor.default\">\n\t\t\t\t\t\t\t\t\t<p>As experi\u00eancias<\/p>\t\t\t\t\t\t\t\t<\/div>\n\t\t\t\t<div class=\"elementor-element elementor-element-03fc745 elementor-widget__width-initial elementor-invisible elementor-widget elementor-widget-heading\" data-id=\"03fc745\" data-element_type=\"widget\" data-settings=\"{&quot;_animation&quot;:&quot;fadeInUp&quot;,&quot;_animation_delay&quot;:200}\" data-widget_type=\"heading.default\">\n\t\t\t\t\t<h2 class=\"elementor-heading-title elementor-size-default\">Para al\u00e9m do campo<\/h2>\t\t\t\t<\/div>\n\t\t\t\t<div class=\"elementor-element elementor-element-5063edd elementor-widget__width-initial elementor-widget elementor-widget-text-editor\" data-id=\"5063edd\" data-element_type=\"widget\" data-widget_type=\"text-editor.default\">\n\t\t\t\t\t\t\t\t\t<p>San Lorenzo est\u00e1 no cora\u00e7\u00e3o de um destino exclusivo, rodeado pela beleza costeira e pelo estilo de vida vibrante do Algarve. Quer aprecie a observa\u00e7\u00e3o de aves, passeios de bicicleta por trilhos panor\u00e2micos, passeios tranquilos ao p\u00f4r do sol ou noites elegantes, esta regi\u00e3o oferece mais do que apenas uma visita, convida-o a viver o estilo de vida algarvio.<\/p>\t\t\t\t\t\t\t\t<\/div>\n\t\t\t\t\t<\/div>\n\t\t\t\t<\/div>\n\t\t\t\t<\/div>\n\t\t<div class=\"elementor-element elementor-element-eb470b0 e-flex e-con-boxed e-con e-parent\" data-id=\"eb470b0\" data-element_type=\"container\">\n\t\t\t\t\t<div class=\"e-con-inner\">\n\t\t\t\t<div class=\"elementor-element elementor-element-b53333a elementor-invisible elementor-widget elementor-widget-text-editor\" data-id=\"b53333a\" data-element_type=\"widget\" data-settings=\"{&quot;_animation&quot;:&quot;fadeIn&quot;}\" data-widget_type=\"text-editor.default\">\n\t\t\t\t\t\t\t\t\t<p>Entre em contacto<\/p>\t\t\t\t\t\t\t\t<\/div>\n\t\t\t\t<div class=\"elementor-element elementor-element-fb1e354 elementor-widget__width-initial elementor-invisible elementor-widget elementor-widget-heading\" data-id=\"fb1e354\" data-element_type=\"widget\" data-settings=\"{&quot;_animation&quot;:&quot;fadeIn&quot;,&quot;_animation_delay&quot;:200}\" data-widget_type=\"heading.default\">\n\t\t\t\t\t<h2 class=\"elementor-heading-title elementor-size-default\">Pronto para conhecer San Lorenzo?<\/h2>\t\t\t\t<\/div>\n\t\t\t\t<div class=\"elementor-element elementor-element-dcad752 elementor-widget__width-initial elementor-invisible elementor-widget elementor-widget-text-editor\" data-id=\"dcad752\" data-element_type=\"widget\" data-settings=\"{&quot;_animation&quot;:&quot;fadeIn&quot;,&quot;_animation_delay&quot;:400}\" data-widget_type=\"text-editor.default\">\n\t\t\t\t\t\t\t\t\t<p>A nossa equipa est\u00e1 aqui para ajud\u00e1-lo a planear a sua experi\u00eancia de golfe perfeita, desde hor\u00e1rios de jogo a eventos e ofertas personalizadas. Entre em contacto hoje mesmo e deixe-nos ajud\u00e1-lo a criar momentos inesquec\u00edveis no San Lorenzo Golf Course.<\/p>\t\t\t\t\t\t\t\t<\/div>\n\t\t<div class=\"elementor-element elementor-element-965f6b6 e-con-full e-flex e-con e-child\" data-id=\"965f6b6\" data-element_type=\"container\">\n\t\t<div class=\"elementor-element elementor-element-3a65fce e-con-full e-flex e-con e-child\" data-id=\"3a65fce\" data-element_type=\"container\">\n\t\t<div class=\"elementor-element elementor-element-079fa55 e-con-full e-flex elementor-invisible e-con e-child\" data-id=\"079fa55\" data-element_type=\"container\" data-settings=\"{&quot;background_background&quot;:&quot;classic&quot;,&quot;animation&quot;:&quot;fadeIn&quot;,&quot;animation_delay&quot;:800}\">\n\t\t\t\t<div class=\"elementor-element elementor-element-0763c27 elementor-view-stacked elementor-position-left elementor-shape-circle elementor-mobile-position-top elementor-widget elementor-widget-icon-box\" data-id=\"0763c27\" data-element_type=\"widget\" data-widget_type=\"icon-box.default\">\n\t\t\t\t\t\t\t<div class=\"elementor-icon-box-wrapper\">\n\n\t\t\t\t\t\t<div class=\"elementor-icon-box-icon\">\n\t\t\t\t<a href=\"#\" class=\"elementor-icon\" tabindex=\"-1\" aria-label=\"Reservar Tee Time\">\n\t\t\t\t<svg xmlns=\"http:\/\/www.w3.org\/2000\/svg\" height=\"48px\" viewBox=\"0 -960 960 960\" width=\"48px\" fill=\"#FFFFFF\"><path d=\"M783.12-147q-13.54 0-21.83-8.67-8.29-8.68-8.29-22.21 0-13.54 8.17-21.83 8.18-8.29 21.71-8.29 13.54 0 22.33 8.17 8.79 8.18 8.79 21.71 0 13.54-8.67 22.33-8.68 8.79-22.21 8.79Zm-384 41Q311-106 248.5-120.5T186-156.64q0-17.68 49.5-32.02Q285-203 334-206v58h54v-690l227 110-205 107v411.54q87 5.46 144.5 19.89T612-157q0 22-62.38 36.5T399.12-106Z\"><\/path><\/svg>\t\t\t\t<\/a>\n\t\t\t<\/div>\n\t\t\t\n\t\t\t\t\t\t<div class=\"elementor-icon-box-content\">\n\n\t\t\t\t\t\t\t\t\t<h3 class=\"elementor-icon-box-title\">\n\t\t\t\t\t\t<a href=\"#\" >\n\t\t\t\t\t\t\tReservar Tee Time\t\t\t\t\t\t<\/a>\n\t\t\t\t\t<\/h3>\n\t\t\t\t\n\t\t\t\t\t\t\t\t\t<p class=\"elementor-icon-box-description\">\n\t\t\t\t\t\tGaranta a sua partida em San Lorenzo e desfrute de um dos melhores destinos de golfe da Europa.\t\t\t\t\t<\/p>\n\t\t\t\t\n\t\t\t<\/div>\n\t\t\t\n\t\t<\/div>\n\t\t\t\t\t\t<\/div>\n\t\t\t\t<div class=\"elementor-element elementor-element-c7dee98 elementor-align-justify elementor-widget__width-inherit elementor-invisible elementor-widget elementor-widget-button\" data-id=\"c7dee98\" data-element_type=\"widget\" data-settings=\"{&quot;_animation&quot;:&quot;fadeIn&quot;,&quot;_animation_delay&quot;:400}\" data-widget_type=\"button.default\">\n\t\t\t\t\t\t\t\t\t\t<a class=\"elementor-button elementor-button-link elementor-size-sm\" href=\"https:\/\/eu.golfmanager.com\/sanlorenzogolf\/\" target=\"_blank\">\n\t\t\t\t\t\t<span class=\"elementor-button-content-wrapper\">\n\t\t\t\t\t\t<span class=\"elementor-button-icon\">\n\t\t\t\t<svg aria-hidden=\"true\" class=\"e-font-icon-svg e-fas-arrow-right\" viewBox=\"0 0 448 512\" xmlns=\"http:\/\/www.w3.org\/2000\/svg\"><path d=\"M190.5 66.9l22.2-22.2c9.4-9.4 24.6-9.4 33.9 0L441 239c9.4 9.4 9.4 24.6 0 33.9L246.6 467.3c-9.4 9.4-24.6 9.4-33.9 0l-22.2-22.2c-9.5-9.5-9.3-25 .4-34.3L311.4 296H24c-13.3 0-24-10.7-24-24v-32c0-13.3 10.7-24 24-24h287.4L190.9 101.2c-9.8-9.3-10-24.8-.4-34.3z\"><\/path><\/svg>\t\t\t<\/span>\n\t\t\t\t\t\t\t\t\t<span class=\"elementor-button-text\">Reserve agora<\/span>\n\t\t\t\t\t<\/span>\n\t\t\t\t\t<\/a>\n\t\t\t\t\t\t\t\t<\/div>\n\t\t\t\t<\/div>\n\t\t<div class=\"elementor-element elementor-element-e0e5384 e-con-full e-flex elementor-invisible e-con e-child\" data-id=\"e0e5384\" data-element_type=\"container\" data-settings=\"{&quot;background_background&quot;:&quot;classic&quot;,&quot;animation&quot;:&quot;fadeIn&quot;,&quot;animation_delay&quot;:800}\">\n\t\t\t\t<div class=\"elementor-element elementor-element-70b782a elementor-view-stacked elementor-position-left elementor-shape-circle elementor-mobile-position-top elementor-widget elementor-widget-icon-box\" data-id=\"70b782a\" data-element_type=\"widget\" data-widget_type=\"icon-box.default\">\n\t\t\t\t\t\t\t<div class=\"elementor-icon-box-wrapper\">\n\n\t\t\t\t\t\t<div class=\"elementor-icon-box-icon\">\n\t\t\t\t<a href=\"#\" class=\"elementor-icon\" tabindex=\"-1\" aria-label=\"Entre em contacto connosco\">\n\t\t\t\t<svg xmlns=\"http:\/\/www.w3.org\/2000\/svg\" height=\"48px\" viewBox=\"0 -960 960 960\" width=\"48px\" fill=\"#FFFFFF\"><path d=\"M755.77-160Q659-160 553.5-211.38 448-262.77 355-355.77q-92.23-93-143.62-198.11Q160-659 160-755.77 160-774 172.62-787q12.61-13 30.84-13h88.46q17.08 0 28.62 10.38 11.54 10.39 16.31 27.7l20.84 89.07q2 15.54-1.65 28.2Q352.38-632 343.62-624l-89.24 83.31q27.54 47.84 58.08 88.15t64.77 75.08q37.77 38.77 81.08 70.65 43.31 31.89 94.46 59.73l86.54-88.77q10-11 21.46-14.61 11.46-3.62 26-1.62l75.15 16.77q17.31 3.23 27.7 16.39Q800-305.77 800-288.46v85q0 18.23-13 30.84Q774-160 755.77-160Z\"><\/path><\/svg>\t\t\t\t<\/a>\n\t\t\t<\/div>\n\t\t\t\n\t\t\t\t\t\t<div class=\"elementor-icon-box-content\">\n\n\t\t\t\t\t\t\t\t\t<h3 class=\"elementor-icon-box-title\">\n\t\t\t\t\t\t<a href=\"#\" >\n\t\t\t\t\t\t\tEntre em contacto connosco\t\t\t\t\t\t<\/a>\n\t\t\t\t\t<\/h3>\n\t\t\t\t\n\t\t\t\t\t\t\t\t\t<p class=\"elementor-icon-box-description\">\n\t\t\t\t\t\tTem d\u00favidas ou pedidos especiais? A nossa equipa est\u00e1 aqui para ajud\u00e1-lo em todas as etapas do processo.\t\t\t\t\t<\/p>\n\t\t\t\t\n\t\t\t<\/div>\n\t\t\t\n\t\t<\/div>\n\t\t\t\t\t\t<\/div>\n\t\t\t\t<div class=\"elementor-element elementor-element-0010872 elementor-align-justify elementor-widget__width-inherit elementor-invisible elementor-widget elementor-widget-button\" data-id=\"0010872\" data-element_type=\"widget\" data-settings=\"{&quot;_animation&quot;:&quot;fadeIn&quot;,&quot;_animation_delay&quot;:400}\" data-widget_type=\"button.default\">\n\t\t\t\t\t\t\t\t\t\t<a class=\"elementor-button elementor-button-link elementor-size-sm\" href=\"https:\/\/www.golfsanlorenzo.pt\/pt-pt\/contatos\/\">\n\t\t\t\t\t\t<span class=\"elementor-button-content-wrapper\">\n\t\t\t\t\t\t<span class=\"elementor-button-icon\">\n\t\t\t\t<svg aria-hidden=\"true\" class=\"e-font-icon-svg e-fas-arrow-right\" viewBox=\"0 0 448 512\" xmlns=\"http:\/\/www.w3.org\/2000\/svg\"><path d=\"M190.5 66.9l22.2-22.2c9.4-9.4 24.6-9.4 33.9 0L441 239c9.4 9.4 9.4 24.6 0 33.9L246.6 467.3c-9.4 9.4-24.6 9.4-33.9 0l-22.2-22.2c-9.5-9.5-9.3-25 .4-34.3L311.4 296H24c-13.3 0-24-10.7-24-24v-32c0-13.3 10.7-24 24-24h287.4L190.9 101.2c-9.8-9.3-10-24.8-.4-34.3z\"><\/path><\/svg>\t\t\t<\/span>\n\t\t\t\t\t\t\t\t\t<span class=\"elementor-button-text\">Contatos<\/span>\n\t\t\t\t\t<\/span>\n\t\t\t\t\t<\/a>\n\t\t\t\t\t\t\t\t<\/div>\n\t\t\t\t<\/div>\n\t\t\t\t<\/div>\n\t\t\t\t<\/div>\n\t\t\t\t\t<\/div>\n\t\t\t\t<\/div>\n\t\t\t\t<\/div>\n\t\t","protected":false},"excerpt":{"rendered":"<p>Destino In\u00edcio Destino O estilo de vida Descubra a Ria Formosa e o Algarve Situado no Parque Natural da Ria Formosa e a poucos minutos das praias douradas do Algarve, o San Lorenzo Golf Course est\u00e1 imerso numa das paisagens naturais mais deslumbrantes da Europa. Esta regi\u00e3o \u00fanica oferece uma combina\u00e7\u00e3o incompar\u00e1vel de beleza intocada, [&hellip;]<\/p>\n","protected":false},"author":2,"featured_media":0,"parent":0,"menu_order":0,"comment_status":"closed","ping_status":"closed","template":"elementor_header_footer","meta":{"footnotes":""},"class_list":["post-755","page","type-page","status-publish","hentry"],"yoast_head":"<!-- This site is optimized with the Yoast SEO plugin v25.8 - https:\/\/yoast.com\/wordpress\/plugins\/seo\/ -->\n<title>O Algarve como destino \u2013 San Lorenzo Golf<\/title>\n<meta name=\"description\" content=\"Explore o Algarve com o San Lorenzo Golf como base. Desfrute de praias douradas, gastronomia requintada e uma aut\u00eantica escapadela de luxo em Portugal.\" \/>\n<meta name=\"robots\" content=\"index, follow, max-snippet:-1, max-image-preview:large, max-video-preview:-1\" \/>\n<link rel=\"canonical\" href=\"https:\/\/www.golfsanlorenzo.pt\/pt-pt\/destino\/\" \/>\n<meta property=\"og:locale\" content=\"pt_PT\" \/>\n<meta property=\"og:type\" content=\"article\" \/>\n<meta property=\"og:title\" content=\"O Algarve como destino \u2013 San Lorenzo Golf\" \/>\n<meta property=\"og:description\" content=\"Explore o Algarve com o San Lorenzo Golf como base. Desfrute de praias douradas, gastronomia requintada e uma aut\u00eantica escapadela de luxo em Portugal.\" \/>\n<meta property=\"og:url\" content=\"https:\/\/www.golfsanlorenzo.pt\/pt-pt\/destino\/\" \/>\n<meta property=\"og:site_name\" content=\"Golf San Lorenzo\" \/>\n<meta property=\"article:modified_time\" content=\"2025-12-02T13:04:56+00:00\" \/>\n<meta name=\"twitter:card\" content=\"summary_large_image\" \/>\n<meta name=\"twitter:label1\" content=\"Tempo estimado de leitura\" \/>\n\t<meta name=\"twitter:data1\" content=\"2 minutos\" \/>\n<script type=\"application\/ld+json\" class=\"yoast-schema-graph\">{\"@context\":\"https:\/\/schema.org\",\"@graph\":[{\"@type\":\"WebPage\",\"@id\":\"https:\/\/www.golfsanlorenzo.pt\/pt-pt\/destino\/\",\"url\":\"https:\/\/www.golfsanlorenzo.pt\/pt-pt\/destino\/\",\"name\":\"O Algarve como destino \u2013 San Lorenzo Golf\",\"isPartOf\":{\"@id\":\"https:\/\/www.golfsanlorenzo.pt\/#website\"},\"datePublished\":\"2025-08-29T15:02:46+00:00\",\"dateModified\":\"2025-12-02T13:04:56+00:00\",\"description\":\"Explore o Algarve com o San Lorenzo Golf como base. Desfrute de praias douradas, gastronomia requintada e uma aut\u00eantica escapadela de luxo em Portugal.\",\"breadcrumb\":{\"@id\":\"https:\/\/www.golfsanlorenzo.pt\/pt-pt\/destino\/#breadcrumb\"},\"inLanguage\":\"pt-PT\",\"potentialAction\":[{\"@type\":\"ReadAction\",\"target\":[\"https:\/\/www.golfsanlorenzo.pt\/pt-pt\/destino\/\"]}]},{\"@type\":\"BreadcrumbList\",\"@id\":\"https:\/\/www.golfsanlorenzo.pt\/pt-pt\/destino\/#breadcrumb\",\"itemListElement\":[{\"@type\":\"ListItem\",\"position\":1,\"name\":\"Home\",\"item\":\"https:\/\/www.golfsanlorenzo.pt\/\"},{\"@type\":\"ListItem\",\"position\":2,\"name\":\"Destino\"}]},{\"@type\":\"WebSite\",\"@id\":\"https:\/\/www.golfsanlorenzo.pt\/#website\",\"url\":\"https:\/\/www.golfsanlorenzo.pt\/\",\"name\":\"Golf San Lorenzo\",\"description\":\"\",\"potentialAction\":[{\"@type\":\"SearchAction\",\"target\":{\"@type\":\"EntryPoint\",\"urlTemplate\":\"https:\/\/www.golfsanlorenzo.pt\/?s={search_term_string}\"},\"query-input\":{\"@type\":\"PropertyValueSpecification\",\"valueRequired\":true,\"valueName\":\"search_term_string\"}}],\"inLanguage\":\"pt-PT\"}]}<\/script>\n<!-- \/ Yoast SEO plugin. -->","yoast_head_json":{"title":"O Algarve como destino \u2013 San Lorenzo Golf","description":"Explore o Algarve com o San Lorenzo Golf como base. Desfrute de praias douradas, gastronomia requintada e uma aut\u00eantica escapadela de luxo em Portugal.","robots":{"index":"index","follow":"follow","max-snippet":"max-snippet:-1","max-image-preview":"max-image-preview:large","max-video-preview":"max-video-preview:-1"},"canonical":"https:\/\/www.golfsanlorenzo.pt\/pt-pt\/destino\/","og_locale":"pt_PT","og_type":"article","og_title":"O Algarve como destino \u2013 San Lorenzo Golf","og_description":"Explore o Algarve com o San Lorenzo Golf como base. Desfrute de praias douradas, gastronomia requintada e uma aut\u00eantica escapadela de luxo em Portugal.","og_url":"https:\/\/www.golfsanlorenzo.pt\/pt-pt\/destino\/","og_site_name":"Golf San Lorenzo","article_modified_time":"2025-12-02T13:04:56+00:00","twitter_card":"summary_large_image","twitter_misc":{"Tempo estimado de leitura":"2 minutos"},"schema":{"@context":"https:\/\/schema.org","@graph":[{"@type":"WebPage","@id":"https:\/\/www.golfsanlorenzo.pt\/pt-pt\/destino\/","url":"https:\/\/www.golfsanlorenzo.pt\/pt-pt\/destino\/","name":"O Algarve como destino \u2013 San Lorenzo Golf","isPartOf":{"@id":"https:\/\/www.golfsanlorenzo.pt\/#website"},"datePublished":"2025-08-29T15:02:46+00:00","dateModified":"2025-12-02T13:04:56+00:00","description":"Explore o Algarve com o San Lorenzo Golf como base. Desfrute de praias douradas, gastronomia requintada e uma aut\u00eantica escapadela de luxo em Portugal.","breadcrumb":{"@id":"https:\/\/www.golfsanlorenzo.pt\/pt-pt\/destino\/#breadcrumb"},"inLanguage":"pt-PT","potentialAction":[{"@type":"ReadAction","target":["https:\/\/www.golfsanlorenzo.pt\/pt-pt\/destino\/"]}]},{"@type":"BreadcrumbList","@id":"https:\/\/www.golfsanlorenzo.pt\/pt-pt\/destino\/#breadcrumb","itemListElement":[{"@type":"ListItem","position":1,"name":"Home","item":"https:\/\/www.golfsanlorenzo.pt\/"},{"@type":"ListItem","position":2,"name":"Destino"}]},{"@type":"WebSite","@id":"https:\/\/www.golfsanlorenzo.pt\/#website","url":"https:\/\/www.golfsanlorenzo.pt\/","name":"Golf San Lorenzo","description":"","potentialAction":[{"@type":"SearchAction","target":{"@type":"EntryPoint","urlTemplate":"https:\/\/www.golfsanlorenzo.pt\/?s={search_term_string}"},"query-input":{"@type":"PropertyValueSpecification","valueRequired":true,"valueName":"search_term_string"}}],"inLanguage":"pt-PT"}]}},"_links":{"self":[{"href":"https:\/\/www.golfsanlorenzo.pt\/pt-pt\/wp-json\/wp\/v2\/pages\/755","targetHints":{"allow":["GET"]}}],"collection":[{"href":"https:\/\/www.golfsanlorenzo.pt\/pt-pt\/wp-json\/wp\/v2\/pages"}],"about":[{"href":"https:\/\/www.golfsanlorenzo.pt\/pt-pt\/wp-json\/wp\/v2\/types\/page"}],"author":[{"embeddable":true,"href":"https:\/\/www.golfsanlorenzo.pt\/pt-pt\/wp-json\/wp\/v2\/users\/2"}],"replies":[{"embeddable":true,"href":"https:\/\/www.golfsanlorenzo.pt\/pt-pt\/wp-json\/wp\/v2\/comments?post=755"}],"version-history":[{"count":1,"href":"https:\/\/www.golfsanlorenzo.pt\/pt-pt\/wp-json\/wp\/v2\/pages\/755\/revisions"}],"predecessor-version":[{"id":756,"href":"https:\/\/www.golfsanlorenzo.pt\/pt-pt\/wp-json\/wp\/v2\/pages\/755\/revisions\/756"}],"wp:attachment":[{"href":"https:\/\/www.golfsanlorenzo.pt\/pt-pt\/wp-json\/wp\/v2\/media?parent=755"}],"curies":[{"name":"wp","href":"https:\/\/api.w.org\/{rel}","templated":true}]}}