{"id":750,"date":"2025-08-29T15:26:47","date_gmt":"2025-08-29T15:26:47","guid":{"rendered":"https:\/\/www.golfsanlorenzo.pt\/contatos\/"},"modified":"2025-12-15T19:55:43","modified_gmt":"2025-12-15T19:55:43","slug":"contatos","status":"publish","type":"page","link":"https:\/\/www.golfsanlorenzo.pt\/pt-pt\/contatos\/","title":{"rendered":"Contatos"},"content":{"rendered":"\t\t<div data-elementor-type=\"wp-page\" data-elementor-id=\"750\" class=\"elementor elementor-750 elementor-96\" data-elementor-post-type=\"page\">\n\t\t\t\t<div class=\"elementor-element elementor-element-29b56612 e-con-full e-flex e-con e-parent\" data-id=\"29b56612\" data-element_type=\"container\">\n\t\t<div class=\"elementor-element elementor-element-6686b64b e-con-full e-flex elementor-invisible e-con e-child\" data-id=\"6686b64b\" data-element_type=\"container\" data-settings=\"{&quot;background_background&quot;:&quot;classic&quot;,&quot;animation&quot;:&quot;fadeIn&quot;}\">\n\t\t\t\t<div class=\"elementor-element elementor-element-1974d05d elementor-invisible elementor-widget elementor-widget-heading\" data-id=\"1974d05d\" data-element_type=\"widget\" data-settings=\"{&quot;_animation&quot;:&quot;fadeIn&quot;}\" data-widget_type=\"heading.default\">\n\t\t\t\t\t<h2 class=\"elementor-heading-title elementor-size-default\">Contatos<\/h2>\t\t\t\t<\/div>\n\t\t\t\t<div class=\"elementor-element elementor-element-5762c671 elementor-icon-list--layout-inline elementor-align-left elementor-list-item-link-full_width elementor-invisible elementor-widget elementor-widget-icon-list\" data-id=\"5762c671\" data-element_type=\"widget\" data-settings=\"{&quot;_animation&quot;:&quot;fadeIn&quot;,&quot;_animation_delay&quot;:200}\" data-widget_type=\"icon-list.default\">\n\t\t\t\t\t\t\t<ul class=\"elementor-icon-list-items elementor-inline-items\">\n\t\t\t\t\t\t\t<li class=\"elementor-icon-list-item elementor-inline-item\">\n\t\t\t\t\t\t\t\t\t\t\t<a href=\"#\">\n\n\t\t\t\t\t\t\t\t\t\t\t<span class=\"elementor-icon-list-text\">In\u00edcio<\/span>\n\t\t\t\t\t\t\t\t\t\t\t<\/a>\n\t\t\t\t\t\t\t\t\t<\/li>\n\t\t\t\t\t\t\t\t<li class=\"elementor-icon-list-item elementor-inline-item\">\n\t\t\t\t\t\t\t\t\t\t\t<span class=\"elementor-icon-list-icon\">\n\t\t\t\t\t\t\t<i aria-hidden=\"true\" class=\"icon icon-right-arrow\"><\/i>\t\t\t\t\t\t<\/span>\n\t\t\t\t\t\t\t\t\t\t<span class=\"elementor-icon-list-text\">Contatos<\/span>\n\t\t\t\t\t\t\t\t\t<\/li>\n\t\t\t\t\t\t<\/ul>\n\t\t\t\t\t\t<\/div>\n\t\t\t\t<\/div>\n\t\t\t\t<\/div>\n\t\t<div class=\"elementor-element elementor-element-4c613c2 e-flex e-con-boxed e-con e-parent\" data-id=\"4c613c2\" data-element_type=\"container\">\n\t\t\t\t\t<div class=\"e-con-inner\">\n\t\t\t\t<div class=\"elementor-element elementor-element-8564247 elementor-invisible elementor-widget elementor-widget-text-editor\" data-id=\"8564247\" data-element_type=\"widget\" data-settings=\"{&quot;_animation&quot;:&quot;fadeIn&quot;}\" data-widget_type=\"text-editor.default\">\n\t\t\t\t\t\t\t\t\t<p>Entre em contacto connosco<\/p>\t\t\t\t\t\t\t\t<\/div>\n\t\t\t\t<div class=\"elementor-element elementor-element-c25e34f elementor-widget__width-initial elementor-invisible elementor-widget elementor-widget-heading\" data-id=\"c25e34f\" data-element_type=\"widget\" data-settings=\"{&quot;_animation&quot;:&quot;fadeIn&quot;,&quot;_animation_delay&quot;:200}\" data-widget_type=\"heading.default\">\n\t\t\t\t\t<h2 class=\"elementor-heading-title elementor-size-default\">Entre em contacto com San Lorenzo<\/h2>\t\t\t\t<\/div>\n\t\t\t\t<div class=\"elementor-element elementor-element-3240b02 elementor-widget__width-initial elementor-invisible elementor-widget elementor-widget-text-editor\" data-id=\"3240b02\" data-element_type=\"widget\" data-settings=\"{&quot;_animation&quot;:&quot;fadeIn&quot;,&quot;_animation_delay&quot;:400}\" data-widget_type=\"text-editor.default\">\n\t\t\t\t\t\t\t\t\t<p data-start=\"391\" data-end=\"739\">A nossa equipa est\u00e1 aqui para o ajudar com reservas de tee times, informa\u00e7\u00f5es sobre eventos e quaisquer perguntas sobre o San Lorenzo Golf Course. Quer esteja a planear a sua pr\u00f3xima partida, a organizar uma celebra\u00e7\u00e3o privada ou a explorar as nossas ofertas exclusivas, teremos todo o prazer em ajud\u00e1-lo a criar uma experi\u00eancia inesquec\u00edvel no Algarve. <\/p>\t\t\t\t\t\t\t\t<\/div>\n\t\t<div class=\"elementor-element elementor-element-62c7dcc e-con-full e-flex e-con e-child\" data-id=\"62c7dcc\" data-element_type=\"container\">\n\t\t<div class=\"elementor-element elementor-element-76ff938 e-con-full e-flex elementor-invisible e-con e-child\" data-id=\"76ff938\" data-element_type=\"container\" data-settings=\"{&quot;background_background&quot;:&quot;classic&quot;,&quot;animation&quot;:&quot;fadeIn&quot;,&quot;animation_delay&quot;:400}\">\n\t\t\t\t<div class=\"elementor-element elementor-element-00e5ea1 elementor-button-align-stretch elementor-widget elementor-widget-form\" data-id=\"00e5ea1\" data-element_type=\"widget\" data-settings=\"{&quot;step_next_label&quot;:&quot;Next&quot;,&quot;step_previous_label&quot;:&quot;Previous&quot;,&quot;button_width&quot;:&quot;100&quot;,&quot;step_type&quot;:&quot;number_text&quot;,&quot;step_icon_shape&quot;:&quot;circle&quot;}\" data-widget_type=\"form.default\">\n\t\t\t\t\t\t\t<form class=\"elementor-form\" method=\"post\" name=\"Novo Form\" aria-label=\"Novo Form\">\n\t\t\t<input type=\"hidden\" name=\"post_id\" value=\"750\"\/>\n\t\t\t<input type=\"hidden\" name=\"form_id\" value=\"00e5ea1\"\/>\n\t\t\t<input type=\"hidden\" name=\"referer_title\" value=\"Contacte o San Lorenzo Golf \u2013 Algarve, Portugal\" \/>\n\n\t\t\t\t\t\t\t<input type=\"hidden\" name=\"queried_id\" value=\"750\"\/>\n\t\t\t\n\t\t\t<div class=\"elementor-form-fields-wrapper elementor-labels-above\">\n\t\t\t\t\t\t\t\t<div class=\"elementor-field-type-text elementor-field-group elementor-column elementor-field-group-name elementor-col-100\">\n\t\t\t\t\t\t\t\t\t\t\t\t<label for=\"form-field-name\" class=\"elementor-field-label\">\n\t\t\t\t\t\t\t\tName\t\t\t\t\t\t\t<\/label>\n\t\t\t\t\t\t\t\t\t\t\t\t\t\t<input size=\"1\" type=\"text\" name=\"form_fields[name]\" id=\"form-field-name\" class=\"elementor-field elementor-size-xs  elementor-field-textual\">\n\t\t\t\t\t\t\t\t\t\t\t<\/div>\n\t\t\t\t\t\t\t\t<div class=\"elementor-field-type-email elementor-field-group elementor-column elementor-field-group-email elementor-col-50 elementor-field-required\">\n\t\t\t\t\t\t\t\t\t\t\t\t<label for=\"form-field-email\" class=\"elementor-field-label\">\n\t\t\t\t\t\t\t\tEmail\t\t\t\t\t\t\t<\/label>\n\t\t\t\t\t\t\t\t\t\t\t\t\t\t<input size=\"1\" type=\"email\" name=\"form_fields[email]\" id=\"form-field-email\" class=\"elementor-field elementor-size-xs  elementor-field-textual\" required=\"required\">\n\t\t\t\t\t\t\t\t\t\t\t<\/div>\n\t\t\t\t\t\t\t\t<div class=\"elementor-field-type-tel elementor-field-group elementor-column elementor-field-group-field_5c9292c elementor-col-50 elementor-field-required\">\n\t\t\t\t\t\t\t\t\t\t\t\t<label for=\"form-field-field_5c9292c\" class=\"elementor-field-label\">\n\t\t\t\t\t\t\t\tPhone Number\t\t\t\t\t\t\t<\/label>\n\t\t\t\t\t\t\t\t<input size=\"1\" type=\"tel\" name=\"form_fields[field_5c9292c]\" id=\"form-field-field_5c9292c\" class=\"elementor-field elementor-size-xs  elementor-field-textual\" required=\"required\" pattern=\"[0-9()#&amp;+*-=.]+\" title=\"Only numbers and phone characters (#, -, *, etc) are accepted.\">\n\n\t\t\t\t\t\t<\/div>\n\t\t\t\t\t\t\t\t<div class=\"elementor-field-type-select elementor-field-group elementor-column elementor-field-group-field_6f42001 elementor-col-100 elementor-field-required\">\n\t\t\t\t\t\t\t\t\t\t\t\t<label for=\"form-field-field_6f42001\" class=\"elementor-field-label\">\n\t\t\t\t\t\t\t\tSubject\t\t\t\t\t\t\t<\/label>\n\t\t\t\t\t\t\t\t<div class=\"elementor-field elementor-select-wrapper remove-before \">\n\t\t\t<div class=\"select-caret-down-wrapper\">\n\t\t\t\t<svg aria-hidden=\"true\" class=\"e-font-icon-svg e-eicon-caret-down\" viewBox=\"0 0 571.4 571.4\" xmlns=\"http:\/\/www.w3.org\/2000\/svg\"><path d=\"M571 393Q571 407 561 418L311 668Q300 679 286 679T261 668L11 418Q0 407 0 393T11 368 36 357H536Q550 357 561 368T571 393Z\"><\/path><\/svg>\t\t\t<\/div>\n\t\t\t<select name=\"form_fields[field_6f42001]\" id=\"form-field-field_6f42001\" class=\"elementor-field-textual elementor-size-xs\" required=\"required\">\n\t\t\t\t\t\t\t\t\t<option value=\"Tee Time\">Tee Time<\/option>\n\t\t\t\t\t\t\t\t\t<option value=\"Ofertas\">Ofertas<\/option>\n\t\t\t\t\t\t\t\t\t<option value=\"Eventos\">Eventos<\/option>\n\t\t\t\t\t\t\t\t\t<option value=\"Outros\">Outros<\/option>\n\t\t\t\t\t\t\t<\/select>\n\t\t<\/div>\n\t\t\t\t\t\t<\/div>\n\t\t\t\t\t\t\t\t<div class=\"elementor-field-type-textarea elementor-field-group elementor-column elementor-field-group-message elementor-col-100\">\n\t\t\t\t\t\t\t\t\t\t\t\t<label for=\"form-field-message\" class=\"elementor-field-label\">\n\t\t\t\t\t\t\t\tMensagem\t\t\t\t\t\t\t<\/label>\n\t\t\t\t\t\t<textarea class=\"elementor-field-textual elementor-field  elementor-size-xs\" name=\"form_fields[message]\" id=\"form-field-message\" rows=\"4\"><\/textarea>\t\t\t\t<\/div>\n\t\t\t\t\t\t\t\t<div class=\"elementor-field-type-recaptcha_v3 elementor-field-group elementor-column elementor-field-group-field_a718315 elementor-col-100 recaptcha_v3-bottomright\">\n\t\t\t\t\t<div class=\"elementor-field\" id=\"form-field-field_a718315\"><div class=\"elementor-g-recaptcha\" data-sitekey=\"6LcEws4rAAAAADk63j_FwL_2QNJUc6tJ-pm-B593\" data-type=\"v3\" data-action=\"Form\" data-badge=\"bottomright\" data-size=\"invisible\"><\/div><\/div>\t\t\t\t<\/div>\n\t\t\t\t\t\t\t\t<div class=\"elementor-field-group elementor-column elementor-field-type-submit elementor-col-100 e-form__buttons\">\n\t\t\t\t\t<button class=\"elementor-button elementor-size-sm\" type=\"submit\">\n\t\t\t\t\t\t<span class=\"elementor-button-content-wrapper\">\n\t\t\t\t\t\t\t\t\t\t\t\t\t\t\t\t\t\t\t\t\t\t<span class=\"elementor-button-text\">Enviar<\/span>\n\t\t\t\t\t\t\t\t\t\t\t\t\t<\/span>\n\t\t\t\t\t<\/button>\n\t\t\t\t<\/div>\n\t\t\t<\/div>\n\t\t<\/form>\n\t\t\t\t\t\t<\/div>\n\t\t\t\t<\/div>\n\t\t<div class=\"elementor-element elementor-element-a7b0e76 e-con-full e-flex elementor-invisible e-con e-child\" data-id=\"a7b0e76\" data-element_type=\"container\" data-settings=\"{&quot;animation&quot;:&quot;fadeIn&quot;,&quot;animation_delay&quot;:600}\">\n\t\t<div class=\"elementor-element elementor-element-421e532 e-con-full e-grid e-con e-child\" data-id=\"421e532\" data-element_type=\"container\">\n\t\t<div class=\"elementor-element elementor-element-e02c02b e-con-full e-flex elementor-invisible e-con e-child\" data-id=\"e02c02b\" data-element_type=\"container\" data-settings=\"{&quot;background_background&quot;:&quot;classic&quot;,&quot;animation&quot;:&quot;fadeIn&quot;}\">\n\t\t\t\t<div class=\"elementor-element elementor-element-f24496a elementor-view-stacked elementor-position-left elementor-tablet-position-top elementor-shape-circle elementor-mobile-position-top elementor-widget elementor-widget-icon-box\" data-id=\"f24496a\" data-element_type=\"widget\" data-widget_type=\"icon-box.default\">\n\t\t\t\t\t\t\t<div class=\"elementor-icon-box-wrapper\">\n\n\t\t\t\t\t\t<div class=\"elementor-icon-box-icon\">\n\t\t\t\t<a href=\"#\" class=\"elementor-icon\" tabindex=\"-1\" aria-label=\"O nosso endere\u00e7o\">\n\t\t\t\t<svg xmlns=\"http:\/\/www.w3.org\/2000\/svg\" height=\"48px\" viewBox=\"0 -960 960 960\" width=\"48px\" fill=\"#FFFFFF\"><path d=\"M480-132q-94 0-154-21.5T266-208q0-17 21-34t57-28l17 11q-22 8-45 22.5T287-209q7 22 61 38.5T480-154q77 0 131.5-16.5T673-209q-4-13-30-27.5T595-258l17-12q39 11 60.5 27.5T694-208q0 33-60 54.5T480-132Zm0-120q-114-88-171-171t-57-163q0-60 21-105t53.5-75.5q32.5-30.5 73-46T480-828q40 0 80.5 15.5t73.5 46q33 30.5 53.5 75.5T708-586q0 80-56.5 163T480-252Zm0-279q25 0 42.5-17t17.5-43q0-25-17.5-42.5T480-651q-24 0-42 17.5T420-591q0 26 18 43t42 17Z\"><\/path><\/svg>\t\t\t\t<\/a>\n\t\t\t<\/div>\n\t\t\t\n\t\t\t\t\t\t<div class=\"elementor-icon-box-content\">\n\n\t\t\t\t\t\t\t\t\t<h3 class=\"elementor-icon-box-title\">\n\t\t\t\t\t\t<a href=\"#\" >\n\t\t\t\t\t\t\tO nosso endere\u00e7o\t\t\t\t\t\t<\/a>\n\t\t\t\t\t<\/h3>\n\t\t\t\t\n\t\t\t\t\t\t\t\t\t<p class=\"elementor-icon-box-description\">\n\t\t\t\t\t\tQ.ta do Lago, 8135-162 Almancil\t\t\t\t\t<\/p>\n\t\t\t\t\n\t\t\t<\/div>\n\t\t\t\n\t\t<\/div>\n\t\t\t\t\t\t<\/div>\n\t\t\t\t<\/div>\n\t\t<div class=\"elementor-element elementor-element-2762d66 e-con-full e-flex elementor-invisible e-con e-child\" data-id=\"2762d66\" data-element_type=\"container\" data-settings=\"{&quot;background_background&quot;:&quot;classic&quot;,&quot;animation&quot;:&quot;fadeIn&quot;,&quot;animation_delay&quot;:200}\">\n\t\t\t\t<div class=\"elementor-element elementor-element-2faeb9f elementor-view-stacked elementor-position-left elementor-tablet-position-top elementor-shape-circle elementor-mobile-position-top elementor-widget elementor-widget-icon-box\" data-id=\"2faeb9f\" data-element_type=\"widget\" data-widget_type=\"icon-box.default\">\n\t\t\t\t\t\t\t<div class=\"elementor-icon-box-wrapper\">\n\n\t\t\t\t\t\t<div class=\"elementor-icon-box-icon\">\n\t\t\t\t<a href=\"#\" class=\"elementor-icon\" tabindex=\"-1\" aria-label=\"N\u00famero de telefone\">\n\t\t\t\t<svg xmlns=\"http:\/\/www.w3.org\/2000\/svg\" height=\"48px\" viewBox=\"0 -960 960 960\" width=\"48px\" fill=\"#FFFFFF\"><path d=\"M755.77-160Q659-160 553.5-211.38 448-262.77 355-355.77q-92.23-93-143.62-198.11Q160-659 160-755.77 160-774 172.62-787q12.61-13 30.84-13h88.46q17.08 0 28.62 10.38 11.54 10.39 16.31 27.7l20.84 89.07q2 15.54-1.65 28.2Q352.38-632 343.62-624l-89.24 83.31q27.54 47.84 58.08 88.15t64.77 75.08q37.77 38.77 81.08 70.65 43.31 31.89 94.46 59.73l86.54-88.77q10-11 21.46-14.61 11.46-3.62 26-1.62l75.15 16.77q17.31 3.23 27.7 16.39Q800-305.77 800-288.46v85q0 18.23-13 30.84Q774-160 755.77-160Z\"><\/path><\/svg>\t\t\t\t<\/a>\n\t\t\t<\/div>\n\t\t\t\n\t\t\t\t\t\t<div class=\"elementor-icon-box-content\">\n\n\t\t\t\t\t\t\t\t\t<h3 class=\"elementor-icon-box-title\">\n\t\t\t\t\t\t<a href=\"#\" >\n\t\t\t\t\t\t\tN\u00famero de telefone\t\t\t\t\t\t<\/a>\n\t\t\t\t\t<\/h3>\n\t\t\t\t\n\t\t\t\t\t\t\t\t\t<p class=\"elementor-icon-box-description\">\n\t\t\t\t\t\t+351 289 100 999\t\t\t\t\t<\/p>\n\t\t\t\t\n\t\t\t<\/div>\n\t\t\t\n\t\t<\/div>\n\t\t\t\t\t\t<\/div>\n\t\t\t\t<\/div>\n\t\t<div class=\"elementor-element elementor-element-5b1e18a e-con-full e-flex elementor-invisible e-con e-child\" data-id=\"5b1e18a\" data-element_type=\"container\" data-settings=\"{&quot;background_background&quot;:&quot;classic&quot;,&quot;animation&quot;:&quot;fadeIn&quot;,&quot;animation_delay&quot;:400}\">\n\t\t\t\t<div class=\"elementor-element elementor-element-8f013ff elementor-view-stacked elementor-position-left elementor-tablet-position-top elementor-shape-circle elementor-mobile-position-top elementor-widget elementor-widget-icon-box\" data-id=\"8f013ff\" data-element_type=\"widget\" data-widget_type=\"icon-box.default\">\n\t\t\t\t\t\t\t<div class=\"elementor-icon-box-wrapper\">\n\n\t\t\t\t\t\t<div class=\"elementor-icon-box-icon\">\n\t\t\t\t<a href=\"#\" class=\"elementor-icon\" tabindex=\"-1\" aria-label=\"O nosso e-mail\">\n\t\t\t\t<svg xmlns=\"http:\/\/www.w3.org\/2000\/svg\" height=\"48px\" viewBox=\"0 -960 960 960\" width=\"48px\" fill=\"#FFFFFF\"><path d=\"M186-212q-23 0-38.5-15.5T132-266v-428q0-23 15.5-38.5T186-748h588q23 0 38.5 15.5T828-694v428q0 23-15.5 38.5T774-212H186Zm294-281 326-219-16-14-310 205-310-205-16 14 326 219Z\"><\/path><\/svg>\t\t\t\t<\/a>\n\t\t\t<\/div>\n\t\t\t\n\t\t\t\t\t\t<div class=\"elementor-icon-box-content\">\n\n\t\t\t\t\t\t\t\t\t<h3 class=\"elementor-icon-box-title\">\n\t\t\t\t\t\t<a href=\"#\" >\n\t\t\t\t\t\t\tO nosso e-mail\t\t\t\t\t\t<\/a>\n\t\t\t\t\t<\/h3>\n\t\t\t\t\n\t\t\t\t\t\t\t\t\t<p class=\"elementor-icon-box-description\">\n\t\t\t\t\t\tbookings@golfsanlorenzo.pt\t\t\t\t\t<\/p>\n\t\t\t\t\n\t\t\t<\/div>\n\t\t\t\n\t\t<\/div>\n\t\t\t\t\t\t<\/div>\n\t\t\t\t<\/div>\n\t\t\t\t<\/div>\n\t\t\t\t<\/div>\n\t\t\t\t<\/div>\n\t\t\t\t\t<\/div>\n\t\t\t\t<\/div>\n\t\t\t\t<\/div>\n\t\t","protected":false},"excerpt":{"rendered":"<p>Contatos In\u00edcio Contatos Entre em contacto connosco Entre em contacto com San Lorenzo A nossa equipa est\u00e1 aqui para o ajudar com reservas de tee times, informa\u00e7\u00f5es sobre eventos e quaisquer perguntas sobre o San Lorenzo Golf Course. Quer esteja a planear a sua pr\u00f3xima partida, a organizar uma celebra\u00e7\u00e3o privada ou a explorar as [&hellip;]<\/p>\n","protected":false},"author":2,"featured_media":0,"parent":0,"menu_order":0,"comment_status":"closed","ping_status":"closed","template":"elementor_header_footer","meta":{"footnotes":""},"class_list":["post-750","page","type-page","status-publish","hentry"],"yoast_head":"<!-- This site is optimized with the Yoast SEO plugin v25.8 - https:\/\/yoast.com\/wordpress\/plugins\/seo\/ -->\n<title>Contacte o San Lorenzo Golf \u2013 Algarve, Portugal<\/title>\n<meta name=\"description\" content=\"Contacte o San Lorenzo Golf no Algarve para reservas, ades\u00f5es ou informa\u00e7\u00f5es e experimente o melhor destino de golfe de Portugal.\" \/>\n<meta name=\"robots\" content=\"index, follow, max-snippet:-1, max-image-preview:large, max-video-preview:-1\" \/>\n<link rel=\"canonical\" href=\"https:\/\/www.golfsanlorenzo.pt\/contacts\/\" \/>\n<meta property=\"og:locale\" content=\"pt_PT\" \/>\n<meta property=\"og:type\" content=\"article\" \/>\n<meta property=\"og:title\" content=\"Contacte o San Lorenzo Golf \u2013 Algarve, Portugal\" \/>\n<meta property=\"og:description\" content=\"Contacte o San Lorenzo Golf no Algarve para reservas, ades\u00f5es ou informa\u00e7\u00f5es e experimente o melhor destino de golfe de Portugal.\" \/>\n<meta property=\"og:url\" content=\"https:\/\/www.golfsanlorenzo.pt\/contacts\/\" \/>\n<meta property=\"og:site_name\" content=\"Golf San Lorenzo\" \/>\n<meta property=\"article:modified_time\" content=\"2025-12-15T19:55:43+00:00\" \/>\n<meta name=\"twitter:card\" content=\"summary_large_image\" \/>\n<script type=\"application\/ld+json\" class=\"yoast-schema-graph\">{\"@context\":\"https:\/\/schema.org\",\"@graph\":[{\"@type\":\"WebPage\",\"@id\":\"https:\/\/www.golfsanlorenzo.pt\/contacts\/\",\"url\":\"https:\/\/www.golfsanlorenzo.pt\/contacts\/\",\"name\":\"Contacte o San Lorenzo Golf \u2013 Algarve, Portugal\",\"isPartOf\":{\"@id\":\"https:\/\/www.golfsanlorenzo.pt\/#website\"},\"datePublished\":\"2025-08-29T15:26:47+00:00\",\"dateModified\":\"2025-12-15T19:55:43+00:00\",\"description\":\"Contacte o San Lorenzo Golf no Algarve para reservas, ades\u00f5es ou informa\u00e7\u00f5es e experimente o melhor destino de golfe de Portugal.\",\"breadcrumb\":{\"@id\":\"https:\/\/www.golfsanlorenzo.pt\/contacts\/#breadcrumb\"},\"inLanguage\":\"pt-PT\",\"potentialAction\":[{\"@type\":\"ReadAction\",\"target\":[\"https:\/\/www.golfsanlorenzo.pt\/contacts\/\"]}]},{\"@type\":\"BreadcrumbList\",\"@id\":\"https:\/\/www.golfsanlorenzo.pt\/contacts\/#breadcrumb\",\"itemListElement\":[{\"@type\":\"ListItem\",\"position\":1,\"name\":\"Home\",\"item\":\"https:\/\/www.golfsanlorenzo.pt\/\"},{\"@type\":\"ListItem\",\"position\":2,\"name\":\"Contatos\"}]},{\"@type\":\"WebSite\",\"@id\":\"https:\/\/www.golfsanlorenzo.pt\/#website\",\"url\":\"https:\/\/www.golfsanlorenzo.pt\/\",\"name\":\"Golf San Lorenzo\",\"description\":\"\",\"potentialAction\":[{\"@type\":\"SearchAction\",\"target\":{\"@type\":\"EntryPoint\",\"urlTemplate\":\"https:\/\/www.golfsanlorenzo.pt\/?s={search_term_string}\"},\"query-input\":{\"@type\":\"PropertyValueSpecification\",\"valueRequired\":true,\"valueName\":\"search_term_string\"}}],\"inLanguage\":\"pt-PT\"}]}<\/script>\n<!-- \/ Yoast SEO plugin. -->","yoast_head_json":{"title":"Contacte o San Lorenzo Golf \u2013 Algarve, Portugal","description":"Contacte o San Lorenzo Golf no Algarve para reservas, ades\u00f5es ou informa\u00e7\u00f5es e experimente o melhor destino de golfe de Portugal.","robots":{"index":"index","follow":"follow","max-snippet":"max-snippet:-1","max-image-preview":"max-image-preview:large","max-video-preview":"max-video-preview:-1"},"canonical":"https:\/\/www.golfsanlorenzo.pt\/contacts\/","og_locale":"pt_PT","og_type":"article","og_title":"Contacte o San Lorenzo Golf \u2013 Algarve, Portugal","og_description":"Contacte o San Lorenzo Golf no Algarve para reservas, ades\u00f5es ou informa\u00e7\u00f5es e experimente o melhor destino de golfe de Portugal.","og_url":"https:\/\/www.golfsanlorenzo.pt\/contacts\/","og_site_name":"Golf San Lorenzo","article_modified_time":"2025-12-15T19:55:43+00:00","twitter_card":"summary_large_image","schema":{"@context":"https:\/\/schema.org","@graph":[{"@type":"WebPage","@id":"https:\/\/www.golfsanlorenzo.pt\/contacts\/","url":"https:\/\/www.golfsanlorenzo.pt\/contacts\/","name":"Contacte o San Lorenzo Golf \u2013 Algarve, Portugal","isPartOf":{"@id":"https:\/\/www.golfsanlorenzo.pt\/#website"},"datePublished":"2025-08-29T15:26:47+00:00","dateModified":"2025-12-15T19:55:43+00:00","description":"Contacte o San Lorenzo Golf no Algarve para reservas, ades\u00f5es ou informa\u00e7\u00f5es e experimente o melhor destino de golfe de Portugal.","breadcrumb":{"@id":"https:\/\/www.golfsanlorenzo.pt\/contacts\/#breadcrumb"},"inLanguage":"pt-PT","potentialAction":[{"@type":"ReadAction","target":["https:\/\/www.golfsanlorenzo.pt\/contacts\/"]}]},{"@type":"BreadcrumbList","@id":"https:\/\/www.golfsanlorenzo.pt\/contacts\/#breadcrumb","itemListElement":[{"@type":"ListItem","position":1,"name":"Home","item":"https:\/\/www.golfsanlorenzo.pt\/"},{"@type":"ListItem","position":2,"name":"Contatos"}]},{"@type":"WebSite","@id":"https:\/\/www.golfsanlorenzo.pt\/#website","url":"https:\/\/www.golfsanlorenzo.pt\/","name":"Golf San Lorenzo","description":"","potentialAction":[{"@type":"SearchAction","target":{"@type":"EntryPoint","urlTemplate":"https:\/\/www.golfsanlorenzo.pt\/?s={search_term_string}"},"query-input":{"@type":"PropertyValueSpecification","valueRequired":true,"valueName":"search_term_string"}}],"inLanguage":"pt-PT"}]}},"_links":{"self":[{"href":"https:\/\/www.golfsanlorenzo.pt\/pt-pt\/wp-json\/wp\/v2\/pages\/750","targetHints":{"allow":["GET"]}}],"collection":[{"href":"https:\/\/www.golfsanlorenzo.pt\/pt-pt\/wp-json\/wp\/v2\/pages"}],"about":[{"href":"https:\/\/www.golfsanlorenzo.pt\/pt-pt\/wp-json\/wp\/v2\/types\/page"}],"author":[{"embeddable":true,"href":"https:\/\/www.golfsanlorenzo.pt\/pt-pt\/wp-json\/wp\/v2\/users\/2"}],"replies":[{"embeddable":true,"href":"https:\/\/www.golfsanlorenzo.pt\/pt-pt\/wp-json\/wp\/v2\/comments?post=750"}],"version-history":[{"count":3,"href":"https:\/\/www.golfsanlorenzo.pt\/pt-pt\/wp-json\/wp\/v2\/pages\/750\/revisions"}],"predecessor-version":[{"id":784,"href":"https:\/\/www.golfsanlorenzo.pt\/pt-pt\/wp-json\/wp\/v2\/pages\/750\/revisions\/784"}],"wp:attachment":[{"href":"https:\/\/www.golfsanlorenzo.pt\/pt-pt\/wp-json\/wp\/v2\/media?parent=750"}],"curies":[{"name":"wp","href":"https:\/\/api.w.org\/{rel}","templated":true}]}}